{"id":2048,"date":"2024-08-15T14:40:08","date_gmt":"2024-08-15T14:40:08","guid":{"rendered":"https:\/\/medvegjasot.com\/?page_id=2048"},"modified":"2024-08-15T14:41:25","modified_gmt":"2024-08-15T14:41:25","slug":"2048-2","status":"publish","type":"page","link":"https:\/\/medvegjasot.com\/?page_id=2048","title":{"rendered":"Impressum"},"content":{"rendered":"\n<p><strong>Gazeta online Medvegja Sot \u00ebsht\u00eb themeluar n\u00eb vitin 2015.<\/strong><\/p>\n\n\n\n<p>MS ka p\u00ebr q\u00ebllim gazetarin\u00eb hulumtuese t\u00eb bazuar n\u00eb argumente. Ky website menaxhohet nga Medvegja Sot.<\/p>\n\n\n\n<p>T\u00eb gjitha materialet jan\u00eb t\u00eb mbrojtura me t\u00eb drejta autoriale dhe nuk mund t\u00eb kopjohen, ripublikohen, riprodhohen ose t\u00eb transmetohen, pa lejen paraprake t\u00eb MS . Shfryt\u00ebzimi i materialeve nga mediat tjera pa lejen paraprake konsiderohet shkelje e drejtave autoriale dhe sanksionohet me dispozitat ligjore n\u00eb fuqi.<\/p>\n","protected":false},"excerpt":{"rendered":"<p>Gazeta online Medvegja Sot \u00ebsht\u00eb themeluar n\u00eb vitin 2015. MS ka p\u00ebr q\u00ebllim gazetarin\u00eb hulumtuese t\u00eb bazuar n\u00eb argumente. Ky website menaxhohet nga Medvegja Sot. T\u00eb gjitha materialet jan\u00eb t\u00eb mbrojtura me t\u00eb drejta autoriale dhe nuk mund t\u00eb kopjohen, ripublikohen, riprodhohen ose t\u00eb transmetohen, pa lejen paraprake t\u00eb MS . Shfryt\u00ebzimi i materialeve nga&#8230;<\/p>\n","protected":false},"author":2,"featured_media":0,"parent":0,"menu_order":0,"comment_status":"closed","ping_status":"closed","template":"","meta":{"_coblocks_attr":"","_coblocks_dimensions":"","_coblocks_responsive_height":"","_coblocks_accordion_ie_support":"","_monsterinsights_skip_tracking":false,"_monsterinsights_sitenote_active":false,"_monsterinsights_sitenote_note":"","_monsterinsights_sitenote_category":0,"footnotes":""},"class_list":["post-2048","page","type-page","status-publish","hentry"],"yoast_head":"<!-- This site is optimized with the Yoast SEO plugin v27.5 - https:\/\/yoast.com\/product\/yoast-seo-wordpress\/ -->\n<title>Impressum - Medvegja Sot<\/title>\n<meta name=\"robots\" content=\"index, follow, max-snippet:-1, max-image-preview:large, max-video-preview:-1\" \/>\n<link rel=\"canonical\" href=\"https:\/\/medvegjasot.com\/?page_id=2048\" \/>\n<meta property=\"og:locale\" content=\"en_US\" \/>\n<meta property=\"og:type\" content=\"article\" \/>\n<meta property=\"og:title\" content=\"Impressum - Medvegja Sot\" \/>\n<meta property=\"og:description\" content=\"Gazeta online Medvegja Sot \u00ebsht\u00eb themeluar n\u00eb vitin 2015. MS ka p\u00ebr q\u00ebllim gazetarin\u00eb hulumtuese t\u00eb bazuar n\u00eb argumente. Ky website menaxhohet nga Medvegja Sot. T\u00eb gjitha materialet jan\u00eb t\u00eb mbrojtura me t\u00eb drejta autoriale dhe nuk mund t\u00eb kopjohen, ripublikohen, riprodhohen ose t\u00eb transmetohen, pa lejen paraprake t\u00eb MS . Shfryt\u00ebzimi i materialeve nga...\" \/>\n<meta property=\"og:url\" content=\"https:\/\/medvegjasot.com\/?page_id=2048\" \/>\n<meta property=\"og:site_name\" content=\"Medvegja Sot\" \/>\n<meta property=\"article:publisher\" content=\"https:\/\/www.facebook.com\/MedvegjaSot.com1\" \/>\n<meta property=\"article:modified_time\" content=\"2024-08-15T14:41:25+00:00\" \/>\n<meta name=\"twitter:card\" content=\"summary_large_image\" \/>\n<meta name=\"twitter:label1\" content=\"Est. reading time\" \/>\n\t<meta name=\"twitter:data1\" content=\"1 minute\" \/>\n<script type=\"application\/ld+json\" class=\"yoast-schema-graph\">{\"@context\":\"https:\\\/\\\/schema.org\",\"@graph\":[{\"@type\":\"WebPage\",\"@id\":\"https:\\\/\\\/medvegjasot.com\\\/?page_id=2048\",\"url\":\"https:\\\/\\\/medvegjasot.com\\\/?page_id=2048\",\"name\":\"Impressum - Medvegja Sot\",\"isPartOf\":{\"@id\":\"https:\\\/\\\/medvegjasot.com\\\/#website\"},\"datePublished\":\"2024-08-15T14:40:08+00:00\",\"dateModified\":\"2024-08-15T14:41:25+00:00\",\"breadcrumb\":{\"@id\":\"https:\\\/\\\/medvegjasot.com\\\/?page_id=2048#breadcrumb\"},\"inLanguage\":\"en-US\",\"potentialAction\":[{\"@type\":\"ReadAction\",\"target\":[\"https:\\\/\\\/medvegjasot.com\\\/?page_id=2048\"]}]},{\"@type\":\"BreadcrumbList\",\"@id\":\"https:\\\/\\\/medvegjasot.com\\\/?page_id=2048#breadcrumb\",\"itemListElement\":[{\"@type\":\"ListItem\",\"position\":1,\"name\":\"Home\",\"item\":\"https:\\\/\\\/medvegjasot.com\\\/\"},{\"@type\":\"ListItem\",\"position\":2,\"name\":\"Impressum\"}]},{\"@type\":\"WebSite\",\"@id\":\"https:\\\/\\\/medvegjasot.com\\\/#website\",\"url\":\"https:\\\/\\\/medvegjasot.com\\\/\",\"name\":\"Medvegja Sot\",\"description\":\"Portal Lajmesh\",\"publisher\":{\"@id\":\"https:\\\/\\\/medvegjasot.com\\\/#organization\"},\"alternateName\":\"MS\",\"potentialAction\":[{\"@type\":\"SearchAction\",\"target\":{\"@type\":\"EntryPoint\",\"urlTemplate\":\"https:\\\/\\\/medvegjasot.com\\\/?s={search_term_string}\"},\"query-input\":{\"@type\":\"PropertyValueSpecification\",\"valueRequired\":true,\"valueName\":\"search_term_string\"}}],\"inLanguage\":\"en-US\"},{\"@type\":\"Organization\",\"@id\":\"https:\\\/\\\/medvegjasot.com\\\/#organization\",\"name\":\"Medvegja Sot\",\"alternateName\":\"MS\",\"url\":\"https:\\\/\\\/medvegjasot.com\\\/\",\"logo\":{\"@type\":\"ImageObject\",\"inLanguage\":\"en-US\",\"@id\":\"https:\\\/\\\/medvegjasot.com\\\/#\\\/schema\\\/logo\\\/image\\\/\",\"url\":\"https:\\\/\\\/medvegjasot.com\\\/wp-content\\\/uploads\\\/2024\\\/08\\\/logo.png\",\"contentUrl\":\"https:\\\/\\\/medvegjasot.com\\\/wp-content\\\/uploads\\\/2024\\\/08\\\/logo.png\",\"width\":500,\"height\":500,\"caption\":\"Medvegja Sot\"},\"image\":{\"@id\":\"https:\\\/\\\/medvegjasot.com\\\/#\\\/schema\\\/logo\\\/image\\\/\"},\"sameAs\":[\"https:\\\/\\\/www.facebook.com\\\/MedvegjaSot.com1\"]}]}<\/script>\n<!-- \/ Yoast SEO plugin. -->","yoast_head_json":{"title":"Impressum - Medvegja Sot","robots":{"index":"index","follow":"follow","max-snippet":"max-snippet:-1","max-image-preview":"max-image-preview:large","max-video-preview":"max-video-preview:-1"},"canonical":"https:\/\/medvegjasot.com\/?page_id=2048","og_locale":"en_US","og_type":"article","og_title":"Impressum - Medvegja Sot","og_description":"Gazeta online Medvegja Sot \u00ebsht\u00eb themeluar n\u00eb vitin 2015. MS ka p\u00ebr q\u00ebllim gazetarin\u00eb hulumtuese t\u00eb bazuar n\u00eb argumente. Ky website menaxhohet nga Medvegja Sot. T\u00eb gjitha materialet jan\u00eb t\u00eb mbrojtura me t\u00eb drejta autoriale dhe nuk mund t\u00eb kopjohen, ripublikohen, riprodhohen ose t\u00eb transmetohen, pa lejen paraprake t\u00eb MS . Shfryt\u00ebzimi i materialeve nga...","og_url":"https:\/\/medvegjasot.com\/?page_id=2048","og_site_name":"Medvegja Sot","article_publisher":"https:\/\/www.facebook.com\/MedvegjaSot.com1","article_modified_time":"2024-08-15T14:41:25+00:00","twitter_card":"summary_large_image","twitter_misc":{"Est. reading time":"1 minute"},"schema":{"@context":"https:\/\/schema.org","@graph":[{"@type":"WebPage","@id":"https:\/\/medvegjasot.com\/?page_id=2048","url":"https:\/\/medvegjasot.com\/?page_id=2048","name":"Impressum - Medvegja Sot","isPartOf":{"@id":"https:\/\/medvegjasot.com\/#website"},"datePublished":"2024-08-15T14:40:08+00:00","dateModified":"2024-08-15T14:41:25+00:00","breadcrumb":{"@id":"https:\/\/medvegjasot.com\/?page_id=2048#breadcrumb"},"inLanguage":"en-US","potentialAction":[{"@type":"ReadAction","target":["https:\/\/medvegjasot.com\/?page_id=2048"]}]},{"@type":"BreadcrumbList","@id":"https:\/\/medvegjasot.com\/?page_id=2048#breadcrumb","itemListElement":[{"@type":"ListItem","position":1,"name":"Home","item":"https:\/\/medvegjasot.com\/"},{"@type":"ListItem","position":2,"name":"Impressum"}]},{"@type":"WebSite","@id":"https:\/\/medvegjasot.com\/#website","url":"https:\/\/medvegjasot.com\/","name":"Medvegja Sot","description":"Portal Lajmesh","publisher":{"@id":"https:\/\/medvegjasot.com\/#organization"},"alternateName":"MS","potentialAction":[{"@type":"SearchAction","target":{"@type":"EntryPoint","urlTemplate":"https:\/\/medvegjasot.com\/?s={search_term_string}"},"query-input":{"@type":"PropertyValueSpecification","valueRequired":true,"valueName":"search_term_string"}}],"inLanguage":"en-US"},{"@type":"Organization","@id":"https:\/\/medvegjasot.com\/#organization","name":"Medvegja Sot","alternateName":"MS","url":"https:\/\/medvegjasot.com\/","logo":{"@type":"ImageObject","inLanguage":"en-US","@id":"https:\/\/medvegjasot.com\/#\/schema\/logo\/image\/","url":"https:\/\/medvegjasot.com\/wp-content\/uploads\/2024\/08\/logo.png","contentUrl":"https:\/\/medvegjasot.com\/wp-content\/uploads\/2024\/08\/logo.png","width":500,"height":500,"caption":"Medvegja Sot"},"image":{"@id":"https:\/\/medvegjasot.com\/#\/schema\/logo\/image\/"},"sameAs":["https:\/\/www.facebook.com\/MedvegjaSot.com1"]}]}},"_links":{"self":[{"href":"https:\/\/medvegjasot.com\/index.php?rest_route=\/wp\/v2\/pages\/2048","targetHints":{"allow":["GET"]}}],"collection":[{"href":"https:\/\/medvegjasot.com\/index.php?rest_route=\/wp\/v2\/pages"}],"about":[{"href":"https:\/\/medvegjasot.com\/index.php?rest_route=\/wp\/v2\/types\/page"}],"author":[{"embeddable":true,"href":"https:\/\/medvegjasot.com\/index.php?rest_route=\/wp\/v2\/users\/2"}],"replies":[{"embeddable":true,"href":"https:\/\/medvegjasot.com\/index.php?rest_route=%2Fwp%2Fv2%2Fcomments&post=2048"}],"version-history":[{"count":2,"href":"https:\/\/medvegjasot.com\/index.php?rest_route=\/wp\/v2\/pages\/2048\/revisions"}],"predecessor-version":[{"id":2053,"href":"https:\/\/medvegjasot.com\/index.php?rest_route=\/wp\/v2\/pages\/2048\/revisions\/2053"}],"wp:attachment":[{"href":"https:\/\/medvegjasot.com\/index.php?rest_route=%2Fwp%2Fv2%2Fmedia&parent=2048"}],"curies":[{"name":"wp","href":"https:\/\/api.w.org\/{rel}","templated":true}]}}